{"id":1473,"date":"2024-03-28T09:08:39","date_gmt":"2024-03-28T09:08:39","guid":{"rendered":"https:\/\/restaurantecarneargentina.com\/?page_id=1473"},"modified":"2024-03-28T09:56:17","modified_gmt":"2024-03-28T09:56:17","slug":"bebidas","status":"publish","type":"page","link":"https:\/\/restaurantecarneargentina.com\/en\/bebidas\/","title":{"rendered":"Bebidas"},"content":{"rendered":"<div class=\"gb-container gb-container-ea8302ca\">\n\n<p>At Carne Argentina Ll\u00edria, the quality of our ingredients and the excellence of the dishes we offer every day to our diners are our top priority. However, what would a good meal be without the perfect complement of an exceptional drink? <\/p>\n\n\n\n<p>For this reason, we are excited to introduce you to our carefully selected beverage selection, designed to satisfy and enrich your dining experience. And remember! If you have any questions or need recommendations, don't hesitate to ask us. It will be our pleasure to guide you in your choice.<\/p>\n\n\n\n<h2 class=\"gb-headline gb-headline-cb11c70a gb-headline-text\">Wine<\/h2>\n\n\n\n<p>Looking for the perfect pairing for an exquisite meat dish? Here is a selection of our wines, carefully chosen to complement and enhance your culinary choices. We are convinced that you will find among them those that will not only delight you, but also elevate your dining experience to a new level of enjoyment.<\/p>\n\n\n\n<a class=\"gb-button gb-button-0bcd6660 gb-button-text\" href=\"https:\/\/drive.google.com\/file\/d\/1Ccu801Av0H6zM34oLDV0VjgABKrhaXp7\/view?usp=sharing\" target=\"_blank\" rel=\"noopener noreferrer\">Wine Menu<\/a>\n\n\n\n<h2 class=\"gb-headline gb-headline-6e874d3f gb-headline-text\">Beer<\/h2>\n\n\n\n<p>Do you prefer beer to wine? Then you're in the right place. We combine the best of two worlds: tradition and innovation. On the one hand, we offer Mahou Beer, an emblem of tradition, recognition and quality in the Spanish beer industry.<\/p>\n\n\n\n<p>On the other hand, we are proud to present L\u00d9PULA BEER, a local craft beer, brewed right here in Ll\u00edria. This gem of a brewery stands out for its exceptional quality and distinctive taste that only authentic craft beers can offer.<\/p>\n\n\n<div class=\"gb-container gb-container-2838f0b4\">\n<div class=\"gb-grid-wrapper gb-grid-wrapper-d3c6c748\">\n<div class=\"gb-grid-column gb-grid-column-1210faf7\"><div class=\"gb-container gb-container-1210faf7\"><\/div><\/div>\n\n<div class=\"gb-grid-column gb-grid-column-3fe6d4f3\"><div class=\"gb-container gb-container-3fe6d4f3\"><\/div><\/div>\n<\/div>\n<\/div>\n<\/div>","protected":false},"excerpt":{"rendered":"<p>En Carne Argentina Ll\u00edria, la calidad de nuestros ingredientes y la excelencia de los platos que ofrecemos cada d\u00eda a nuestros comensales son nuestra m\u00e1xima prioridad. Sin embargo, \u00bfqu\u00e9 ser\u00eda de una buena comida sin el complemento perfecto de una bebida excepcional? Por esta raz\u00f3n, estamos emocionados de presentarte nuestra cuidadosa selecci\u00f3n de bebidas, dise\u00f1ada &#8230; <a title=\"Bebidas\" class=\"read-more\" href=\"https:\/\/restaurantecarneargentina.com\/en\/bebidas\/\" aria-label=\"Read more about Bebidas\">Read more<\/a><\/p>","protected":false},"author":1,"featured_media":0,"parent":0,"menu_order":0,"comment_status":"closed","ping_status":"closed","template":"","meta":{"_joinchat":[],"footnotes":""},"class_list":["post-1473","page","type-page","status-publish"],"_links":{"self":[{"href":"https:\/\/restaurantecarneargentina.com\/en\/wp-json\/wp\/v2\/pages\/1473","targetHints":{"allow":["GET"]}}],"collection":[{"href":"https:\/\/restaurantecarneargentina.com\/en\/wp-json\/wp\/v2\/pages"}],"about":[{"href":"https:\/\/restaurantecarneargentina.com\/en\/wp-json\/wp\/v2\/types\/page"}],"author":[{"embeddable":true,"href":"https:\/\/restaurantecarneargentina.com\/en\/wp-json\/wp\/v2\/users\/1"}],"replies":[{"embeddable":true,"href":"https:\/\/restaurantecarneargentina.com\/en\/wp-json\/wp\/v2\/comments?post=1473"}],"version-history":[{"count":8,"href":"https:\/\/restaurantecarneargentina.com\/en\/wp-json\/wp\/v2\/pages\/1473\/revisions"}],"predecessor-version":[{"id":1486,"href":"https:\/\/restaurantecarneargentina.com\/en\/wp-json\/wp\/v2\/pages\/1473\/revisions\/1486"}],"wp:attachment":[{"href":"https:\/\/restaurantecarneargentina.com\/en\/wp-json\/wp\/v2\/media?parent=1473"}],"curies":[{"name":"wp","href":"https:\/\/api.w.org\/{rel}","templated":true}]}}